{"id":282,"date":"2017-05-16T15:51:06","date_gmt":"2017-05-16T15:51:06","guid":{"rendered":"http:\/\/alospicos.com\/alospicos\/?page_id=282"},"modified":"2021-06-10T08:43:20","modified_gmt":"2021-06-10T08:43:20","slug":"los-picos","status":"publish","type":"page","link":"https:\/\/alospicos.com\/index.php\/los-picos\/","title":{"rendered":"Los Picos"},"content":{"rendered":"<p>[et_pb_section fb_built=\u00bb1&#8243; admin_label=\u00bbsection\u00bb _builder_version=\u00bb3.22&#8243; background_color=\u00bb#000000&#8243; custom_padding=\u00bb54px|14px|54px|0px\u00bb][et_pb_row admin_label=\u00bbFila\u00bb _builder_version=\u00bb3.25&#8243; background_size=\u00bbinitial\u00bb background_position=\u00bbtop_left\u00bb background_repeat=\u00bbrepeat\u00bb][et_pb_column type=\u00bb4_4&#8243; _builder_version=\u00bb3.25&#8243; custom_padding=\u00bb|||\u00bb custom_padding__hover=\u00bb|||\u00bb][et_pb_blurb title=\u00bbLos Picos de Europa\u00bb image_max_width=\u00bbnone\u00bb admin_label=\u00bbAnuncio\u00bb _builder_version=\u00bb3.0.74&#8243; header_font=\u00bb|on|||\u00bb header_font_size=\u00bb40px\u00bb background_size=\u00bbinitial\u00bb background_position=\u00bbtop_left\u00bb background_repeat=\u00bbrepeat\u00bb text_orientation=\u00bbcenter\u00bb background_layout=\u00bbdark\u00bb]Relieve de origen glaciar<br \/>\n[\/et_pb_blurb][et_pb_image src=\u00bbhttp:\/\/alospicos.com\/wp-content\/uploads\/2017\/06\/Vega-de-\u00c1liva-morrena.jpg\u00bb align=\u00bbcenter\u00bb align_tablet=\u00bbcenter\u00bb align_phone=\u00bb\u00bb align_last_edited=\u00bbon|desktop\u00bb admin_label=\u00bbImagen\u00bb _builder_version=\u00bb3.23&#8243; animation_style=\u00bbfade\u00bb animation_duration=\u00bb500ms\u00bb border_style=\u00bbsolid\u00bb animation=\u00bbfade_in\u00bb sticky=\u00bboff\u00bb always_center_on_mobile=\u00bbon\u00bb][\/et_pb_image][et_pb_text admin_label=\u00bbTexto\u00bb _builder_version=\u00bb3.27.4&#8243; text_orientation=\u00bbright\u00bb background_layout=\u00bbdark\u00bb border_style=\u00bbsolid\u00bb]Vega y morrena de\u00a0<strong>La Llomba&#8217;l Toru, Cantabria-Asturias<\/strong><br \/>\n[\/et_pb_text][et_pb_accordion admin_label=\u00bbAcorde\u00f3n\u00bb _builder_version=\u00bb3.0.47&#8243;][et_pb_accordion_item title=\u00bbLa formaci\u00f3n de Los Picos\u00bb open=\u00bbon\u00bb _builder_version=\u00bb3.0.47&#8243;]<\/p>\n<p style=\"text-align: justify;\">El suelo principal de \u201cLos Picos de Europa\u201d, una parte de la Cordillera Cant\u00e1brica que se desgaja hacia el mar, tiene un origen muy antiguo, el mismo que sus sedimentos paleozoicos de hace 500 millones de a\u00f1os, procedentes de caparazones y organismos depositados sobre un fondo marino poco profundo.<\/p>\n<p style=\"text-align: justify;\">Ese substrato calizo fue modelado despu\u00e9s por sucesivos procesos orog\u00e9nicos, como el ciclo alpino, que dej\u00f3 servido el relieve principal y los r\u00edos encajados como ahora lo est\u00e1n hace unos 25 millones de a\u00f1os, con recorridos en los que predomina el sentido sur-norte. Es el caso de los principales cursos: Dobra, Cares, Duje y Deva, en mayor o menor medida, siguen ese impulso hacia el norte cant\u00e1brico.<\/p>\n<p style=\"text-align: justify;\">Una erosi\u00f3n fluvial intensa acentu\u00f3 la estructura orog\u00e9nica, altern\u00e1ndose con el modelado glaciar: hace unos 30.000 a\u00f1os comenz\u00f3 la presi\u00f3n sobre el territorio conocida como W\u00fcrm. De esa glaciaci\u00f3n se derivaron los principales elementos que configuran el suelo de Los Picos como un paisaje nacido de los hielos: los circos y los valles en artesa, o las morrenas de \u00c1liva, Belb\u00edn y Los Lagos, entre otras muchas formas con la misma genealog\u00eda.<\/p>\n<p style=\"text-align: justify;\">Aquellas masas de hielo, cuando se fueron, promovieron la erosi\u00f3n fluvial hasta el extremo. El r\u00edo Cares acuchill\u00f3, como es conocido, el fondo de un antiguo valle glaciar, y una din\u00e1mica generalizada de de laderas dej\u00f3 bien provistas de <i>lleras<\/i> todas las pendientes. Los pedreros o <i>lleraos<\/i> caracterizan de tal modo el paisaje de Los Picos que dan nombre incluso a un sector del Macizo Occidental, el de <i>Jascal<\/i> y <i>Llerosos<\/i>, top\u00f3nimos que redundan en el mismo sentido: la profusi\u00f3n de piedras y rocas fragmentadas por congelaci\u00f3n de aguas internas que la posterior fusi\u00f3n de los hielos liber\u00f3.<\/p>\n<p style=\"text-align: justify;\">Todo ello ocurre ya muy cerca de los tiempos humanos, tiempos del pastor, pues el proceso de deshielo, erosi\u00f3n y derrabes se extiende de modo intermitente desde hace 20.000 a\u00f1os hasta 10.000, a escasos milenios de las primeras ocupaciones ganaderas. As\u00ed, no es de extra\u00f1ar que majadas como las de Beresna (precisamente en Jascal y Llerosos) o la de El Redondal, en \u00c1ndara, se construyan en un medio genuinamente rupestre, empleando los pedreros como cantera y haciendo de las \u201credondas\u201d (rocas masivas detenidas a media ladera y suministradas por las fragmentaciones) techo y pared de sus habitaciones. En todo caso, el conjunto de Los Picos de Europa constituye un territorio especialmente llamado a la utilizaci\u00f3n de la piedra: su abundancia en cotas altas (donde palia la escasez de maderas), su disponibilidad, por la presentaci\u00f3n fragmentada de los cantos, y el numeroso abanico de necesidades del pastor (caba\u00f1as, chozos, cuerres, cerramientos varios&#8230;) estimulan su uso. Sus habitantes volvieron practicable as\u00ed, en incontables puntos, el territorio modelado a contrapi\u00e9 por la acci\u00f3n de los hielos.<\/p>\n<p style=\"text-align: justify;\">Pero el episodio geol\u00f3gico que posiblemente m\u00e1s ha contribuido a la identidad de Los Picos es el <em>Karst<\/em>. La acci\u00f3n del agua sobre materiales carbonatados como los que componen el suelo de Los Picos ocasion\u00f3 una red de cuevas, galer\u00edas y simas como se conocen pocas en el subsuelo europeo. Toda la panoplia de <i>uvalas<\/i> y <i>dolinas<\/i>, singularizadas como <i>joos<\/i> en la lengua de los pastores, son el resultado de aquellas filtraciones generalizadas. Tambi\u00e9n los <i>polj\u00e9s<\/i>, o lagos vacantes convertidos en valles ciegos de suelo feraz, fueron heredados en forma de vegas y pasto a partir de un id\u00e9ntico modelado k\u00e1rstico. Por no hablar de la estrecha relaci\u00f3n entre la profusa red de cuevas y la elaboraci\u00f3n de los quesos en Los Picos de Europa.<\/p>\n<p style=\"text-align: justify;\">Y m\u00e1s ra\u00edces a\u00fan se podr\u00edan buscar en la ecolog\u00eda ganadera de esta formaci\u00f3n monta\u00f1osa cant\u00e1brica, como la \u201ct<i>erra rossa<\/i>\u201d, procedente de las arcillas liberadas en aquellos modelados, y que sustenta inagotable el pasto de las bra\u00f1as, o las nieblas recalcitrantes que, un d\u00eda y otro, acent\u00faan las consecuencias del suelo. De aquella tierra roja se valen las vacas de orde\u00f1o; de las nieblas, ha de defenderse principalmente su pastor. Por eso, una cultura de prudencia y o\u00eddo sabe discernir desde que hay lat\u00f3n los <i>lloqueros<\/i> (cencerros) precisos de sus animales, averigu\u00e1ndolos en un cielo gris de <i>borr\u00edn<\/i> y combatiendo la alianza fatal entre los quiebros del suelo y el desaviso que produce la niebla&#8230;pero esa es ya otra historia.<\/p>\n<p>[\/et_pb_accordion_item][\/et_pb_accordion][\/et_pb_column][\/et_pb_row][et_pb_row column_structure=\u00bb1_2,1_2&#8243; admin_label=\u00bbFila\u00bb _builder_version=\u00bb3.25&#8243; background_size=\u00bbinitial\u00bb background_position=\u00bbtop_left\u00bb background_repeat=\u00bbrepeat\u00bb][et_pb_column type=\u00bb1_2&#8243; _builder_version=\u00bb3.25&#8243; custom_padding=\u00bb|||\u00bb custom_padding__hover=\u00bb|||\u00bb][et_pb_text admin_label=\u00bbTexto\u00bb _builder_version=\u00bb3.27.4&#8243; background_color=\u00bb#edf000&#8243; background_size=\u00bbinitial\u00bb background_position=\u00bbtop_left\u00bb background_repeat=\u00bbrepeat\u00bb text_orientation=\u00bbjustified\u00bb custom_padding=\u00bb10px|10px|10px|10px\u00bb]Los Picos de Europa incluyen territorios de Asturias, Le\u00f3n y Cantabria, y su acceso tiene lugar desde cualquiera de las tres Comunidades.<br \/>\n[\/et_pb_text][et_pb_gallery gallery_ids=\u00bb696,697,698,699&#8243; fullwidth=\u00bbon\u00bb admin_label=\u00bbGaler\u00eda\u00bb _builder_version=\u00bb3.0.87&#8243; border_style=\u00bbsolid\u00bb][\/et_pb_gallery][\/et_pb_column][et_pb_column type=\u00bb1_2&#8243; _builder_version=\u00bb3.25&#8243; custom_padding=\u00bb|||\u00bb custom_padding__hover=\u00bb|||\u00bb][et_pb_code admin_label=\u00bbC\u00f3digo\u00bb]<iframe loading=\"lazy\" src=\"https:\/\/www.google.com\/maps\/d\/embed?mid=1S-daHEqqR_iEPRQpqigphze0Gaw&#038;hl=es\" width=\"640\" height=\"480\"><\/iframe>[\/et_pb_code][\/et_pb_column][\/et_pb_row][et_pb_row _builder_version=\u00bb4.9.5&#8243; _module_preset=\u00bbdefault\u00bb][et_pb_column type=\u00bb4_4&#8243; _builder_version=\u00bb4.9.5&#8243; _module_preset=\u00bbdefault\u00bb][et_pb_image src=\u00bbhttps:\/\/alospicos.com\/wp-content\/uploads\/2021\/06\/Picos-de-Europa-Asturias-Leon-y-Cantabria-alospicos.com_-scaled.jpg\u00bb alt=\u00bbalospicos.com\u00bb title_text=\u00bbPicos de Europa, Asturias, Le\u00f3n y Cantabria, alospicos.com\u00bb _builder_version=\u00bb4.9.5&#8243; _module_preset=\u00bbdefault\u00bb hover_enabled=\u00bb0&#8243; show_in_lightbox=\u00bbon\u00bb sticky_enabled=\u00bb0&#8243;][\/et_pb_image][\/et_pb_column][\/et_pb_row][et_pb_row _builder_version=\u00bb4.9.5&#8243; _module_preset=\u00bbdefault\u00bb][et_pb_column type=\u00bb4_4&#8243; _builder_version=\u00bb4.9.5&#8243; _module_preset=\u00bbdefault\u00bb][et_pb_code _builder_version=\u00bb4.9.5&#8243; _module_preset=\u00bbdefault\u00bb]<iframe loading=\"lazy\" width=\"560\" height=\"315\" src=\"https:\/\/www.youtube.com\/embed\/J6RMTCKDnrA\" title=\"YouTube video player\" frameborder=\"0\" allow=\"accelerometer; autoplay; clipboard-write; encrypted-media; gyroscope; picture-in-picture\" allowfullscreen><\/iframe>[\/et_pb_code][\/et_pb_column][\/et_pb_row][et_pb_row admin_label=\u00bbrow\u00bb _builder_version=\u00bb3.25&#8243; background_size=\u00bbinitial\u00bb background_position=\u00bbtop_left\u00bb background_repeat=\u00bbrepeat\u00bb][et_pb_column type=\u00bb4_4&#8243; _builder_version=\u00bb3.25&#8243; custom_padding=\u00bb|||\u00bb custom_padding__hover=\u00bb|||\u00bb][et_pb_button button_url=\u00bbhttp:\/\/alospicos.com\u00bb button_text=\u00bbInicio\u00bb button_alignment=\u00bbcenter\u00bb admin_label=\u00bbInicio\u00bb _builder_version=\u00bb3.16&#8243; custom_button=\u00bbon\u00bb button_text_color=\u00bb#e02b20&#8243; background_layout=\u00bbdark\u00bb button_letter_spacing_hover=\u00bb0&#8243; button_text_size__hover_enabled=\u00bboff\u00bb button_one_text_size__hover_enabled=\u00bboff\u00bb button_two_text_size__hover_enabled=\u00bboff\u00bb button_text_color__hover_enabled=\u00bboff\u00bb button_one_text_color__hover_enabled=\u00bboff\u00bb button_two_text_color__hover_enabled=\u00bboff\u00bb button_border_width__hover_enabled=\u00bboff\u00bb button_one_border_width__hover_enabled=\u00bboff\u00bb button_two_border_width__hover_enabled=\u00bboff\u00bb button_border_color__hover_enabled=\u00bboff\u00bb button_one_border_color__hover_enabled=\u00bboff\u00bb button_two_border_color__hover_enabled=\u00bboff\u00bb button_border_radius__hover_enabled=\u00bboff\u00bb button_one_border_radius__hover_enabled=\u00bboff\u00bb button_two_border_radius__hover_enabled=\u00bboff\u00bb button_letter_spacing__hover_enabled=\u00bbon\u00bb button_letter_spacing__hover=\u00bb0&#8243; button_one_letter_spacing__hover_enabled=\u00bboff\u00bb button_two_letter_spacing__hover_enabled=\u00bboff\u00bb button_bg_color__hover_enabled=\u00bboff\u00bb button_one_bg_color__hover_enabled=\u00bboff\u00bb button_two_bg_color__hover_enabled=\u00bboff\u00bb][\/et_pb_button][\/et_pb_column][\/et_pb_row][\/et_pb_section]<\/p>\n","protected":false},"excerpt":{"rendered":"<p>Relieve de origen glaciar Vega y morrena de\u00a0La Llomba&#8217;l Toru, Cantabria-Asturias El suelo principal de \u201cLos Picos de Europa\u201d, una parte de la Cordillera Cant\u00e1brica que se desgaja hacia el mar, tiene un origen muy antiguo, el mismo que sus sedimentos paleozoicos de hace 500 millones de a\u00f1os, procedentes de caparazones y organismos depositados sobre [&hellip;]<\/p>\n","protected":false},"author":1,"featured_media":0,"parent":0,"menu_order":0,"comment_status":"closed","ping_status":"closed","template":"","meta":{"_et_pb_use_builder":"on","_et_pb_old_content":"","_et_gb_content_width":"","footnotes":""},"class_list":["post-282","page","type-page","status-publish","hentry"],"_links":{"self":[{"href":"https:\/\/alospicos.com\/index.php\/wp-json\/wp\/v2\/pages\/282","targetHints":{"allow":["GET"]}}],"collection":[{"href":"https:\/\/alospicos.com\/index.php\/wp-json\/wp\/v2\/pages"}],"about":[{"href":"https:\/\/alospicos.com\/index.php\/wp-json\/wp\/v2\/types\/page"}],"author":[{"embeddable":true,"href":"https:\/\/alospicos.com\/index.php\/wp-json\/wp\/v2\/users\/1"}],"replies":[{"embeddable":true,"href":"https:\/\/alospicos.com\/index.php\/wp-json\/wp\/v2\/comments?post=282"}],"version-history":[{"count":8,"href":"https:\/\/alospicos.com\/index.php\/wp-json\/wp\/v2\/pages\/282\/revisions"}],"predecessor-version":[{"id":1869,"href":"https:\/\/alospicos.com\/index.php\/wp-json\/wp\/v2\/pages\/282\/revisions\/1869"}],"wp:attachment":[{"href":"https:\/\/alospicos.com\/index.php\/wp-json\/wp\/v2\/media?parent=282"}],"curies":[{"name":"wp","href":"https:\/\/api.w.org\/{rel}","templated":true}]}}