{"id":567,"date":"2017-06-01T15:35:18","date_gmt":"2017-06-01T15:35:18","guid":{"rendered":"http:\/\/alospicos.com\/thepicos\/?page_id=567"},"modified":"2019-09-30T08:21:14","modified_gmt":"2019-09-30T08:21:14","slug":"funicular-a-bulnes","status":"publish","type":"page","link":"https:\/\/alospicos.com\/index.php\/funicular-a-bulnes\/","title":{"rendered":"Funicular a Bulnes"},"content":{"rendered":"<p>[et_pb_section fb_built=\u00bb1&#8243; admin_label=\u00bbsection\u00bb _builder_version=\u00bb3.22&#8243; background_color=\u00bb#000000&#8243; custom_padding=\u00bb54px|14px|54px|0px\u00bb fb_built=\u00bb1&#8243; bb_built=\u00bb1&#8243; _i=\u00bb0&#8243; _address=\u00bb0&#8243;][et_pb_row admin_label=\u00bbFila\u00bb _builder_version=\u00bb3.25&#8243; background_size=\u00bbinitial\u00bb background_position=\u00bbtop_left\u00bb background_repeat=\u00bbrepeat\u00bb _i=\u00bb0&#8243; _address=\u00bb0.0&#8243;][et_pb_column type=\u00bb4_4&#8243; _builder_version=\u00bb3.25&#8243; custom_padding=\u00bb|||\u00bb _i=\u00bb0&#8243; _address=\u00bb0.0.0&#8243; custom_padding__hover=\u00bb|||\u00bb][et_pb_blurb title=\u00bbFunicular a Bulnes\u00bb image_max_width=\u00bbnone\u00bb admin_label=\u00bbAnuncio\u00bb _builder_version=\u00bb3.0.87&#8243; header_font=\u00bb|on|||\u00bb header_font_size=\u00bb40px\u00bb background_size=\u00bbinitial\u00bb background_position=\u00bbtop_left\u00bb background_repeat=\u00bbrepeat\u00bb text_orientation=\u00bbcenter\u00bb background_layout=\u00bbdark\u00bb border_style=\u00bbsolid\u00bb _i=\u00bb0&#8243; _address=\u00bb0.0.0.0&#8243;]Acceso a trav\u00e9s de un sendero o en funicular (por el interior de la roca)<br \/>\n[\/et_pb_blurb][\/et_pb_column][\/et_pb_row][et_pb_row column_structure=\u00bb1_2,1_2&#8243; admin_label=\u00bbFila\u00bb _builder_version=\u00bb3.25&#8243; background_size=\u00bbinitial\u00bb background_position=\u00bbtop_left\u00bb background_repeat=\u00bbrepeat\u00bb _i=\u00bb1&#8243; _address=\u00bb0.1&#8243;][et_pb_column type=\u00bb1_2&#8243; _builder_version=\u00bb3.25&#8243; custom_padding=\u00bb|||\u00bb _i=\u00bb0&#8243; _address=\u00bb0.1.0&#8243; custom_padding__hover=\u00bb|||\u00bb][et_pb_image src=\u00bbhttps:\/\/alospicos.com\/wp-content\/uploads\/2017\/06\/Bulnes-El-Castillo-1.jpg\u00bb align_tablet=\u00bbcenter\u00bb align_last_edited=\u00bbon|desktop\u00bb admin_label=\u00bbImagen\u00bb _builder_version=\u00bb3.29.3&#8243; border_style=\u00bbsolid\u00bb animation=\u00bboff\u00bb sticky=\u00bboff\u00bb always_center_on_mobile=\u00bbon\u00bb _i=\u00bb0&#8243; _address=\u00bb0.1.0.0&#8243;][\/et_pb_image][et_pb_text admin_label=\u00bbTexto\u00bb _builder_version=\u00bb3.27.4&#8243; background_size=\u00bbinitial\u00bb background_position=\u00bbtop_left\u00bb background_repeat=\u00bbrepeat\u00bb background_layout=\u00bbdark\u00bb _i=\u00bb1&#8243; _address=\u00bb0.1.0.1&#8243;]<\/p>\n<div id=\"id5\" class=\"style_SkipStroke_3 shape-with-text\">\n<div class=\"text-content graphic_textbox_layout_style_default_External_380_24\">\n<div class=\"graphic_textbox_layout_style_default\">\n<p class=\"paragraph_style_3\">Bulnes. Barrio de \u201cEl Castillo\u201d. Foto: Alicia Campillo<\/p>\n<\/div>\n<\/div>\n<\/div>\n<p>[\/et_pb_text][\/et_pb_column][et_pb_column type=\u00bb1_2&#8243; _builder_version=\u00bb3.25&#8243; custom_padding=\u00bb|||\u00bb _i=\u00bb1&#8243; _address=\u00bb0.1.1&#8243; custom_padding__hover=\u00bb|||\u00bb][et_pb_image src=\u00bbhttps:\/\/alospicos.com\/wp-content\/uploads\/2017\/06\/Entrada-al-funicular-1.jpg\u00bb align_tablet=\u00bbcenter\u00bb align_last_edited=\u00bbon|desktop\u00bb admin_label=\u00bbImagen\u00bb _builder_version=\u00bb3.29.3&#8243; border_style=\u00bbsolid\u00bb animation=\u00bboff\u00bb sticky=\u00bboff\u00bb always_center_on_mobile=\u00bbon\u00bb _i=\u00bb0&#8243; _address=\u00bb0.1.1.0&#8243;][\/et_pb_image][et_pb_text admin_label=\u00bbTexto\u00bb _builder_version=\u00bb3.27.4&#8243; text_orientation=\u00bbright\u00bb background_layout=\u00bbdark\u00bb _i=\u00bb1&#8243; _address=\u00bb0.1.1.1&#8243;]<\/p>\n<p class=\"paragraph_style_4\">Entrada el funicular en Poncebos, Asturias.\u00a0Foto: Alicia Campillo<\/p>\n<p>[\/et_pb_text][\/et_pb_column][\/et_pb_row][et_pb_row column_structure=\u00bb1_2,1_2&#8243; admin_label=\u00bbrow\u00bb _builder_version=\u00bb3.25&#8243; background_size=\u00bbinitial\u00bb background_position=\u00bbtop_left\u00bb background_repeat=\u00bbrepeat\u00bb _i=\u00bb2&#8243; _address=\u00bb0.2&#8243;][et_pb_column type=\u00bb1_2&#8243; _builder_version=\u00bb3.25&#8243; custom_padding=\u00bb|||\u00bb _i=\u00bb0&#8243; _address=\u00bb0.2.0&#8243; custom_padding__hover=\u00bb|||\u00bb][et_pb_video src=\u00bbhttps:\/\/youtu.be\/-hLY_jXlo9s\u00bb admin_label=\u00bbV\u00eddeo\u00bb _builder_version=\u00bb3.29.3&#8243; _i=\u00bb0&#8243; _address=\u00bb0.2.0.0&#8243;][\/et_pb_video][et_pb_text admin_label=\u00bbTexto\u00bb _builder_version=\u00bb3.27.4&#8243; background_size=\u00bbinitial\u00bb background_position=\u00bbtop_left\u00bb background_repeat=\u00bbrepeat\u00bb background_layout=\u00bbdark\u00bb border_style=\u00bbsolid\u00bb _i=\u00bb1&#8243; _address=\u00bb0.2.0.1&#8243;]V\u00eddeo documental del recorrido e im\u00e1genes del pueblo de Bulnes<br \/>\n[\/et_pb_text][et_pb_accordion admin_label=\u00bbAcorde\u00f3n\u00bb _builder_version=\u00bb3.29.3&#8243; border_style=\u00bbsolid\u00bb _i=\u00bb2&#8243; _address=\u00bb0.2.0.2&#8243;][et_pb_accordion_item title=\u00bbFunicular, Informaci\u00f3n\u00bb open=\u00bbon\u00bb _builder_version=\u00bb3.29.3&#8243; _i=\u00bb0&#8243; _address=\u00bb0.2.0.2.0&#8243;]<\/p>\n<p><strong>Temporada\u00a0alta en 2019<\/strong><\/p>\n<ul>\n<li>Del 1 al 5 de marzo<\/li>\n<li>Del 13 al 21 de abril<\/li>\n<li>Del 1 al 5 de mayo<\/li>\n<li>Del 1 al 6 de mayo<\/li>\n<li>Del 1 al 30 de junio<\/li>\n<li>Del 1 al 31 de julio<\/li>\n<li>Del 1 al 31 de agosto<\/li>\n<li>Del 1 al 30 de septiembre<\/li>\n<li>Del 1 al 6 y del 11 al 13 de octubre<\/li>\n<li>Del 1 al 3 y el 11 de noviembre<\/li>\n<li>Del 6 al 8 de diciembre<\/li>\n<\/ul>\n<p> <strong>Horarios en temporada alta: de 10 a 20 horas.<\/strong><\/p>\n<p><strong>Temporada\u00a0baja en 2019:<span style=\"font-size: 14px;\">\u00a0resto del a\u00f1o<\/span><\/strong><\/p>\n<p><strong>Horarios en temporada baja<\/strong>: desde las 10:00 hasta las 12:30\u00a0y desde las 14:00 hasta 18:00 horas.<\/p>\n<p><strong>Frecuencia<\/strong><\/p>\n<p>Cada 30 minutos. De lunes a viernes laborables se realiza un viaje a las 8:30 horas.<\/p>\n<p><strong>Precios<\/strong><br \/> Billete normal una direcci\u00f3n: 17,61\u00a0euros<br \/> Billete normal ida y vuelta: 22,16\u00a0euros<br \/> Billete ni\u00f1os (4 a 12 a\u00f1os) una direcci\u00f3n: 4,32\u00a0euros<br \/> Billete ni\u00f1os (4 a 12 a\u00f1os) ida y vuelta: 6,71\u00a0euros<br \/> Vecinos de Bulnes (Tarjeta residentes): gratuito<br \/> Informaci\u00f3n del Funicular del Bulnes:<br \/> Recorrido: 2.227 metros<br \/> Diferencia de altitud: 402 metros<br \/> Pendiente: 18,19%<br \/> Velocidad: 6m\/s<br \/> Duraci\u00f3n aproximada: 7 minutos<br \/> Capacidad m\u00e1xima por vag\u00f3n: 28 pasajeros (sentados)<\/p>\n<p>[\/et_pb_accordion_item][et_pb_accordion_item title=\u00bbBulnes\u00bb _builder_version=\u00bb3.29.3&#8243; background_size=\u00bbinitial\u00bb background_position=\u00bbtop_left\u00bb background_repeat=\u00bbrepeat\u00bb _i=\u00bb1&#8243; _address=\u00bb0.2.0.2.1&#8243; open=\u00bboff\u00bb]EL PUEBLO<\/p>\n<p>A 650 m. de altitud, Bulnes, junto con Ca\u00edn, en Valde\u00f3n, es uno de los pueblos m\u00e1s adentrados en el macizo de Los Picos de Europa. Sin acceso rodado tampoco en la actualidad, cuenta desde 2001 con un funicular para llegar a \u00e9l.<\/p>\n<p><a href=\"https:\/\/www.alsa.es\/nuestros-destinos\/regionales\/asturias\/funicular-de-bulnes\" target=\"_blank\" rel=\"noopener noreferrer\">FUNICULAR DE BULNES<\/a>. Horarios e informaci\u00f3n oficial sobre fechas y reservas.<\/p>\n<p>Continuado, hasta las 18 horas. Duraci\u00f3n del trayecto: 7 minutos a trav\u00e9s de un \u00fanico t\u00fanel. Precio: 22 \u20ac, ida\/vta. para un adulto.<\/p>\n<p><a href=\"http:\/\/www.refugiodeurriellu.com\" target=\"_blank\" rel=\"noopener noreferrer\">REFUGIO DE URIIELLU<\/a><\/p>\n<p>Situado a tres horas, a pie, desde La Terenosa, el \u00faltimo punto de acceso rodado desde Sotres, Asturias. Tel\u00e9fonos del Refugio: (+34) 984 090 981.\u00a0M\u00f3vil 1: (+34) 638 278 041.\u00a0M\u00f3vil 2: (+34) 650 780 381<br \/>\n[\/et_pb_accordion_item][\/et_pb_accordion][\/et_pb_column][et_pb_column type=\u00bb1_2&#8243; _builder_version=\u00bb3.25&#8243; custom_padding=\u00bb|||\u00bb _i=\u00bb1&#8243; _address=\u00bb0.2.1&#8243; custom_padding__hover=\u00bb|||\u00bb][et_pb_gallery fullwidth=\u00bbon\u00bb admin_label=\u00bbGaler\u00eda\u00bb _builder_version=\u00bb3.29.3&#8243; border_style=\u00bbsolid\u00bb _i=\u00bb0&#8243; _address=\u00bb0.2.1.0&#8243; gallery_ids=\u00bb792,871,796,794,793&#8243; hover_enabled=\u00bb0&#8243;][\/et_pb_gallery][et_pb_text admin_label=\u00bbTexto\u00bb _builder_version=\u00bb3.27.4&#8243; background_size=\u00bbinitial\u00bb background_position=\u00bbtop_left\u00bb background_repeat=\u00bbrepeat\u00bb background_layout=\u00bbdark\u00bb _i=\u00bb1&#8243; _address=\u00bb0.2.1.1&#8243;]<\/p>\n<p style=\"text-align: right;\">Galer\u00eda de im\u00e1genes del pueblo de Bulnes<\/p>\n<p>[\/et_pb_text][et_pb_code admin_label=\u00bbC\u00f3digo mapa\u00bb _builder_version=\u00bb3.29.3&#8243; hover_enabled=\u00bb0&#8243; _i=\u00bb2&#8243; _address=\u00bb0.2.1.2&#8243;]<iframe loading=\"lazy\" src=\"https:\/\/www.google.com\/maps\/embed?pb=!1m14!1m12!1m3!1d2905.578253515897!2d-4.832893384558972!3d43.260260079136636!2m3!1f0!2f0!3f0!3m2!1i1024!2i768!4f13.1!5e0!3m2!1ses!2ses!4v1497458482224\" width=\"600\" height=\"450\" frameborder=\"0\" style=\"border:0\" allowfullscreen><\/iframe>[\/et_pb_code][et_pb_divider show_divider=\u00bboff\u00bb disabled_on=\u00bbon|on|off\u00bb admin_label=\u00bbSeparador\u00bb _builder_version=\u00bb3.23.4&#8243; height=\u00bb100px\u00bb hide_on_mobile=\u00bbon\u00bb _i=\u00bb3&#8243; _address=\u00bb0.2.1.3&#8243;][\/et_pb_divider][et_pb_button button_url=\u00bbhttps:\/\/www.alsa.es\/nuestros-destinos\/regionales\/asturias\/funicular-de-bulnes\u00bb url_new_window=\u00bbon\u00bb button_text=\u00bbFunicular, horarios y billetes\u00bb button_alignment=\u00bbcenter\u00bb admin_label=\u00bbBot\u00f3n\u00bb _builder_version=\u00bb3.29.3&#8243; hover_enabled=\u00bb0&#8243; button_letter_spacing_hover=\u00bb0&#8243; background_color=\u00bb#7EBEC5&#8243; _i=\u00bb4&#8243; _address=\u00bb0.2.1.4&#8243; button_text_size__hover_enabled=\u00bboff\u00bb button_one_text_size__hover_enabled=\u00bboff\u00bb button_two_text_size__hover_enabled=\u00bboff\u00bb button_text_color__hover_enabled=\u00bboff\u00bb button_one_text_color__hover_enabled=\u00bboff\u00bb button_two_text_color__hover_enabled=\u00bboff\u00bb button_border_width__hover_enabled=\u00bboff\u00bb button_one_border_width__hover_enabled=\u00bboff\u00bb button_two_border_width__hover_enabled=\u00bboff\u00bb button_border_color__hover_enabled=\u00bboff\u00bb button_one_border_color__hover_enabled=\u00bboff\u00bb button_two_border_color__hover_enabled=\u00bboff\u00bb button_border_radius__hover_enabled=\u00bboff\u00bb button_one_border_radius__hover_enabled=\u00bboff\u00bb button_two_border_radius__hover_enabled=\u00bboff\u00bb button_letter_spacing__hover_enabled=\u00bbon\u00bb button_letter_spacing__hover=\u00bb0&#8243; button_one_letter_spacing__hover_enabled=\u00bboff\u00bb button_two_letter_spacing__hover_enabled=\u00bboff\u00bb button_bg_color__hover_enabled=\u00bboff\u00bb button_one_bg_color__hover_enabled=\u00bboff\u00bb button_two_bg_color__hover_enabled=\u00bboff\u00bb][\/et_pb_button][et_pb_button button_text=\u00bbInicio\u00bb button_alignment=\u00bbcenter\u00bb admin_label=\u00bbInicio\u00bb _builder_version=\u00bb3.29.3&#8243; custom_button=\u00bbon\u00bb button_text_color=\u00bb#e02b20&#8243; background_layout=\u00bbdark\u00bb hover_enabled=\u00bb0&#8243; background_color=\u00bb#7EBEC5&#8243; _i=\u00bb5&#8243; _address=\u00bb0.2.1.5&#8243; button_text_size__hover_enabled=\u00bboff\u00bb button_one_text_size__hover_enabled=\u00bboff\u00bb button_two_text_size__hover_enabled=\u00bboff\u00bb button_text_color__hover_enabled=\u00bboff\u00bb button_one_text_color__hover_enabled=\u00bboff\u00bb button_two_text_color__hover_enabled=\u00bboff\u00bb button_border_width__hover_enabled=\u00bboff\u00bb button_one_border_width__hover_enabled=\u00bboff\u00bb button_two_border_width__hover_enabled=\u00bboff\u00bb button_border_color__hover_enabled=\u00bboff\u00bb button_one_border_color__hover_enabled=\u00bboff\u00bb button_two_border_color__hover_enabled=\u00bboff\u00bb button_border_radius__hover_enabled=\u00bboff\u00bb button_one_border_radius__hover_enabled=\u00bboff\u00bb button_two_border_radius__hover_enabled=\u00bboff\u00bb button_letter_spacing__hover_enabled=\u00bboff\u00bb button_one_letter_spacing__hover_enabled=\u00bboff\u00bb button_two_letter_spacing__hover_enabled=\u00bboff\u00bb button_bg_color__hover_enabled=\u00bboff\u00bb button_one_bg_color__hover_enabled=\u00bboff\u00bb button_two_bg_color__hover_enabled=\u00bboff\u00bb button_url=\u00bbhttps:\/\/alospicos.com\/\u00bb][\/et_pb_button][\/et_pb_column][\/et_pb_row][\/et_pb_section]<\/p>\n","protected":false},"excerpt":{"rendered":"<p>Acceso a trav\u00e9s de un sendero o en funicular (por el interior de la roca) Bulnes. Barrio de \u201cEl Castillo\u201d. Foto: Alicia Campillo Entrada el funicular en Poncebos, Asturias.\u00a0Foto: Alicia Campillo V\u00eddeo documental del recorrido e im\u00e1genes del pueblo de Bulnes Temporada\u00a0alta en 2019 Del 1 al 5 de marzo Del 13 al 21 de [&hellip;]<\/p>\n","protected":false},"author":1,"featured_media":0,"parent":0,"menu_order":0,"comment_status":"closed","ping_status":"closed","template":"","meta":{"_et_pb_use_builder":"on","_et_pb_old_content":"","_et_gb_content_width":"","footnotes":""},"class_list":["post-567","page","type-page","status-publish","hentry"],"_links":{"self":[{"href":"https:\/\/alospicos.com\/index.php\/wp-json\/wp\/v2\/pages\/567","targetHints":{"allow":["GET"]}}],"collection":[{"href":"https:\/\/alospicos.com\/index.php\/wp-json\/wp\/v2\/pages"}],"about":[{"href":"https:\/\/alospicos.com\/index.php\/wp-json\/wp\/v2\/types\/page"}],"author":[{"embeddable":true,"href":"https:\/\/alospicos.com\/index.php\/wp-json\/wp\/v2\/users\/1"}],"replies":[{"embeddable":true,"href":"https:\/\/alospicos.com\/index.php\/wp-json\/wp\/v2\/comments?post=567"}],"version-history":[{"count":10,"href":"https:\/\/alospicos.com\/index.php\/wp-json\/wp\/v2\/pages\/567\/revisions"}],"predecessor-version":[{"id":1706,"href":"https:\/\/alospicos.com\/index.php\/wp-json\/wp\/v2\/pages\/567\/revisions\/1706"}],"wp:attachment":[{"href":"https:\/\/alospicos.com\/index.php\/wp-json\/wp\/v2\/media?parent=567"}],"curies":[{"name":"wp","href":"https:\/\/api.w.org\/{rel}","templated":true}]}}