{"id":625,"date":"2017-06-02T18:55:48","date_gmt":"2017-06-02T18:55:48","guid":{"rendered":"http:\/\/alospicos.com\/thepicos\/?page_id=610"},"modified":"2018-03-20T09:03:06","modified_gmt":"2018-03-20T09:03:06","slug":"quesu-cabrales","status":"publish","type":"page","link":"https:\/\/alospicos.com\/index.php\/quesu-cabrales\/","title":{"rendered":"Quesu Cabrales"},"content":{"rendered":"<p>[et_pb_section bb_built=\u00bb1&#8243; admin_label=\u00bbsection\u00bb background_color=\u00bb#000000&#8243; custom_padding=\u00bb54px|14px|54px|0px\u00bb _builder_version=\u00bb3.0.47&#8243;][et_pb_row admin_label=\u00bbFila\u00bb _builder_version=\u00bb3.0.47&#8243; background_size=\u00bbinitial\u00bb background_position=\u00bbtop_left\u00bb background_repeat=\u00bbrepeat\u00bb][et_pb_column type=\u00bb4_4&#8243;][et_pb_blurb admin_label=\u00bbAnuncio\u00bb title=\u00bbQuesu Cabrales\u00bb background_layout=\u00bbdark\u00bb text_orientation=\u00bbcenter\u00bb _builder_version=\u00bb3.0.51&#8243; header_font=\u00bb|on|||\u00bb header_font_size=\u00bb40px\u00bb background_size=\u00bbinitial\u00bb background_position=\u00bbtop_left\u00bb background_repeat=\u00bbrepeat\u00bb]<\/p>\n<p>Queso de los concejos de Cabrales y Pe\u00f1amellera Alta<\/p>\n<p>[\/et_pb_blurb][\/et_pb_column][\/et_pb_row][et_pb_row admin_label=\u00bbFila\u00bb _builder_version=\u00bb3.0.47&#8243; background_size=\u00bbinitial\u00bb background_position=\u00bbtop_left\u00bb background_repeat=\u00bbrepeat\u00bb][et_pb_column type=\u00bb4_4&#8243;][et_pb_image admin_label=\u00bbImagen\u00bb src=\u00bbhttp:\/\/alospicos.com\/wp-content\/uploads\/2017\/06\/Urriellu-y-acompa\u00f1antes-Versi\u00f3n-2.jpg\u00bb animation=\u00bboff\u00bb _builder_version=\u00bb3.0.51&#8243; show_in_lightbox=\u00bboff\u00bb url_new_window=\u00bboff\u00bb use_overlay=\u00bboff\u00bb sticky=\u00bboff\u00bb align=\u00bbleft\u00bb always_center_on_mobile=\u00bbon\u00bb border_style=\u00bbsolid\u00bb force_fullwidth=\u00bboff\u00bb \/][et_pb_text admin_label=\u00bbTexto\u00bb background_layout=\u00bbdark\u00bb _builder_version=\u00bb3.0.49&#8243; background_size=\u00bbinitial\u00bb background_position=\u00bbtop_left\u00bb background_repeat=\u00bbrepeat\u00bb]<\/p>\n<div id=\"id5\" class=\"style_SkipStroke_3 shape-with-text\">\n<div class=\"text-content graphic_textbox_layout_style_default_External_380_24\">\n<div class=\"graphic_textbox_layout_style_default\">\n<p class=\"paragraph_style_3\">Urriellu y varias cumbres del Macizo Central de Los Picos, al fondo. En primer plano, Pe\u00f1a Ma\u00edn, puertu de Tielve.<\/p>\n<\/div>\n<\/div>\n<\/div>\n<p>[\/et_pb_text][\/et_pb_column][\/et_pb_row][et_pb_row admin_label=\u00bbrow\u00bb _builder_version=\u00bb3.0.47&#8243; background_size=\u00bbinitial\u00bb background_position=\u00bbtop_left\u00bb background_repeat=\u00bbrepeat\u00bb][et_pb_column type=\u00bb1_2&#8243;][et_pb_accordion admin_label=\u00bbAcorde\u00f3n\u00bb _builder_version=\u00bb3.0.51&#8243; border_style=\u00bbsolid\u00bb] [et_pb_accordion_item title=\u00bbTierra de cabreros\u00bb _builder_version=\u00bb3.0.47&#8243; background_size=\u00bbinitial\u00bb background_position=\u00bbtop_left\u00bb background_repeat=\u00bbrepeat\u00bb open=\u00bbon\u00bb]<\/p>\n<p class=\"paragraph_style_1\" lang=\"--multilingual\" xml:lang=\"--multilingual\">Gonzalo Barrena<\/p>\n<p class=\"paragraph_style_1\" lang=\"--multilingual\" xml:lang=\"--multilingual\"><span class=\"style_4\">Tanta historia natural como tienen las cumbres de la <\/span><span class=\"style_5\">mala tierra<\/span><span class=\"style_4\">, la tienen las simas del subsuelo. Los Picos, plagados de cavidades y galer\u00edas subterr\u00e1neas, alojaron\u00a0 en ellas hasta hace pocos a\u00f1os la vida y la ganader\u00eda cabraliega, pues las pendientes extremas y el acceso trabajoso a muchas zonas de pasto ocasionaron en la regi\u00f3n una importante cultura rupestre: las muy numerosas cuevas de Los Picos albergaron a reba\u00f1os y gentes en las majadas m\u00e1s encumbradas, y siempre fueron muy buscadas por el importante papel que juegan en la maduraci\u00f3n de los quesos. Seg\u00fan los cabraliegos, cada cueva tiene su <\/span><span class=\"style_5\">aquel<\/span><span class=\"style_4\">, y por eso <\/span><span class=\"style_5\">hacen mejor o peor queso<\/span><span class=\"style_4\">.<br \/>\n<\/span><\/p>\n<p class=\"paragraph_style_3\" lang=\"--multilingual\" xml:lang=\"--multilingual\"><span class=\"style_4\">De ah\u00ed que las cuevas cabraliegas, con ambientes y floras de imitaci\u00f3n imposible, y aliadas al pasto de la caliza, constituyan la condici\u00f3n necesaria para el <\/span><span class=\"style_5\">cabrales<\/span><span class=\"style_4\"> m\u00e1s genuino. Otra cosa es que lo que la demanda o el mercado hayan querido hacer con el queso. Se podr\u00e1n importar hacia el valle los saberes tradicionales, podr\u00e1n buscarse cuevas o lugares apropiados, pero los quesos que se hacen con los pastos de <\/span><span class=\"style_5\">La Terenosa <\/span><span class=\"style_4\">o <\/span><span class=\"style_5\">Valfr\u00edu<\/span><span class=\"style_4\">, como los que se hicieron hist\u00f3ricamente en <\/span><span class=\"style_5\">Amuesa<\/span><span class=\"style_4\">, <\/span><span class=\"style_5\">Portudera,<\/span> <span class=\"style_5\">Las Mo\u00f1as<\/span><span class=\"style_4\"> o <\/span><span class=\"style_5\">Pe\u00f1a Ma\u00edn<\/span><span class=\"style_4\">, dif\u00edcilmente podr\u00e1n ser conseguidos en otros lugares.<\/span><\/p>\n<p>[\/et_pb_accordion_item][et_pb_accordion_item title=\u00bbDe cabras, quesos y capiteles\u00bb _builder_version=\u00bb3.0.47&#8243; background_size=\u00bbinitial\u00bb background_position=\u00bbtop_left\u00bb background_repeat=\u00bbrepeat\u00bb open=\u00bboff\u00bb]<\/p>\n<p>Irene Mier<\/p>\n<p>Ya hace d\u00e9cadas un consejo de sabios se reuni\u00f3 en torno a una mesa ovalada. Su cometido: dar forma y consistencia a la marca Cabrales. Homogeneidad, \u00e9se era el objetivo a cumplir. Se deb\u00eda lograr la uniformidad bajo un logotipo \u00fanico, aquel que uniera a todos los pueblos de la comarca: hobbits de Arenas, elfos de Tielve, enanos de Sotres\u2026 bromas aparte, por primera vez se congregaron para dar autoridad al rey de Cabrales, su queso.<br \/>\nDesde el principio se acord\u00f3 que la contra etiqueta deb\u00eda ser la misma para todos, por econom\u00eda y porque de esta forma se un\u00eda a todos los elaboradores. Los colores estaban claros, los que identifican al concejo: verde y rojo. Hubo quien reclam\u00f3 por considerar que esta banda verdiroja era una copia de la suya, como Zinzano, pero sin \u00e9xito.<br \/>\nLa etiqueta deb\u00eda expresar en primer plano de qu\u00e9 producto se trataba. Por eso se colocaron en letras bien grandes dos palabras: QUESO CABRALES, sobre un fondo marr\u00f3n liso. Relegados a un segundo plano quedaron unos extra\u00f1os s\u00edmbolos que dan informaci\u00f3n sobre su productor y su registro sanitario.<br \/>\nEn el centro se aprecia perfectamente el emblema de Cabrales: \u201cla hoja de pl\u00e1ganu, cuyas extremidades abrazan el queso\u201d (palabras textuales de uno de sus dise\u00f1adores, Jaime Lisa), hoja con la que se envolvi\u00f3 el preciado manjar durante generaciones.<br \/>\nCon el tiempo la contra etiqueta se mantuvo, pero la etiqueta se volvi\u00f3 m\u00e1s personal, y su dise\u00f1o corri\u00f3 a cargo del elaborador. Aunque parezca un detalle sin importancia el cambio supone la individualizaci\u00f3n de cada quesero, su se\u00f1a de identidad. El primero en dar el gran salto fue la gran empresa Central Lechera Asturiana.<\/p>\n<p>No debemos pensar en el etiquetado como\u00a0 un mero puente hacia la publicidad, sino tambi\u00e9n un fin en s\u00ed mismo, es decir, poseer una etiqueta significa regularizar y controlar una producci\u00f3n, como ocurri\u00f3 en el concejo a partir del 28 de julio de 1987, cuando la etiqueta se present\u00f3 en sociedad.<br \/>\nLos a\u00f1os han pasado: hay menos elaboradores, pero mucho m\u00e1s queso. Los medios de producci\u00f3n se han modificado, pero no la esencia. El pl\u00e1ganu se sustituy\u00f3 por el aluminio, y por primera vez el cambio fue para mejor.<\/p>\n<p>___________________________<\/p>\n<p>La Jueya N\u00ba 166. 22.01.2014<\/p>\n<p>[\/et_pb_accordion_item][et_pb_accordion_item title=\u00bbEl quesu llariegu\u00bb]<\/p>\n<p><img loading=\"lazy\" decoding=\"async\" class=\"size-medium wp-image-749 alignleft\" src=\"http:\/\/alospicos.com\/wp-content\/uploads\/2017\/06\/Abuela-de-Sof\u00eda-S-199x300.jpg\" alt=\"\" width=\"199\" height=\"300\" srcset=\"https:\/\/alospicos.com\/wp-content\/uploads\/2017\/06\/Abuela-de-Sof\u00eda-S-199x300.jpg 199w, https:\/\/alospicos.com\/wp-content\/uploads\/2017\/06\/Abuela-de-Sof\u00eda-S-768x1156.jpg 768w, https:\/\/alospicos.com\/wp-content\/uploads\/2017\/06\/Abuela-de-Sof\u00eda-S-680x1024.jpg 680w, https:\/\/alospicos.com\/wp-content\/uploads\/2017\/06\/Abuela-de-Sof\u00eda-S-1080x1626.jpg 1080w\" sizes=\"(max-width: 199px) 100vw, 199px\" \/>Sof\u00eda S. Men\u00e9ndez.<\/p>\n<p>Corr\u00eda el caluroso verano de 1970; las calles de Arenas se llenaban de gente para celebrar el certamen que, hoy, ha logrado hacerse un sitio en nuestro calendario. Bajando la general y sin pasar el Bilbao se encontraba una peque\u00f1a colonial, donde una bombilla, de esas que iluminan a todo un pueblo, se encend\u00eda en una cabeza.<\/p>\n<p>Mientras los habitantes del concejo a\u00f1ad\u00edan al quesu una mezcla de tradici\u00f3n y verg\u00fcenza, Pepina de la B\u00e1rcena traz\u00f3 un firme SE VENDE QUESO CABRALES Y SIDRA y lo colg\u00f3, orgullosa, en la fachada de su tienda. El pueblo, at\u00f3nito, miraba aquel cartel como a una desfachatez, pero poco a poco el barullo de aquel \u00faltimo domingo de agosto se fue convirtiendo en el pan de cada d\u00eda para el concejo; el Quesu Cabrales hab\u00eda dejado de ser un secreto entre monta\u00f1as y o\u00eddos llenos de tierra para pasar a ser uno de los quesos m\u00e1s famosos del mundo y una se\u00f1a de identidad para los asturianos. Este tesoro durante tanto tiempo guardado en cuevas vio por fin la luz desde el Urriellu: la econom\u00eda de subsistencia del concejo pasaba a ser su principal fuente de ingresos.<\/p>\n<p>Desde entonces, Cabrales ha sido visitado por miles de personas que buscan ese sabor tan singular que encuentran en nuestro queso azul. Pasados ya 43 cert\u00e1menes, hoy d\u00eda contamos con m\u00e1s de una treintena de queser\u00edas que abastecen al mundo, produciendo alrededor de unos 300.000 kg al a\u00f1o.<\/p>\n<p>As\u00ed, hemos de pararnos a pensar en los miles de secretos escondidos en nuestro montes, r\u00edos y praos, en nuestra cultura, que hay que guardar con orgullo y sin verg\u00fcenza, tal y como hizo Pepina ese 30 de agosto de 1970.<\/p>\n<p>__________________<\/p>\n<p>En la imagen, Josefa de la B\u00e1rcena al frente de su tienda en Arenas de Cabrales. Josefa es abuela de la autora de este art\u00edculo.<\/p>\n<p>[\/et_pb_accordion_item] [\/et_pb_accordion][\/et_pb_column][et_pb_column type=\u00bb1_2&#8243;][et_pb_image admin_label=\u00bbImagen\u00bb src=\u00bbhttp:\/\/alospicos.com\/wp-content\/uploads\/2017\/06\/Canal-de-Ondon.-P\u00edo-Alfonso-Miguel-JR-Lueje.jpg\u00bb animation=\u00bboff\u00bb align=\u00bbcenter\u00bb _builder_version=\u00bb3.0.51&#8243; show_in_lightbox=\u00bboff\u00bb url_new_window=\u00bboff\u00bb use_overlay=\u00bboff\u00bb sticky=\u00bboff\u00bb always_center_on_mobile=\u00bbon\u00bb border_style=\u00bbsolid\u00bb force_fullwidth=\u00bboff\u00bb \/][et_pb_text admin_label=\u00bbTexto\u00bb background_layout=\u00bbdark\u00bb _builder_version=\u00bb3.0.51&#8243; background_size=\u00bbinitial\u00bb background_position=\u00bbtop_left\u00bb background_repeat=\u00bbrepeat\u00bb text_orientation=\u00bbleft\u00bb border_style=\u00bbsolid\u00bb]<\/p>\n<p style=\"text-align: right;\">En la Canal de Ond\u00f3n. P\u00edo, Alfonso, Miguel. Imagen hist\u00f3rica de J.R. Lueje<\/p>\n<p>[\/et_pb_text][et_pb_image admin_label=\u00bbImagen\u00bb src=\u00bbhttp:\/\/alospicos.com\/wp-content\/uploads\/2017\/06\/Castrones.jpg\u00bb animation=\u00bboff\u00bb align=\u00bbcenter\u00bb _builder_version=\u00bb3.0.51&#8243; show_in_lightbox=\u00bboff\u00bb url_new_window=\u00bboff\u00bb use_overlay=\u00bboff\u00bb sticky=\u00bboff\u00bb always_center_on_mobile=\u00bbon\u00bb border_style=\u00bbsolid\u00bb force_fullwidth=\u00bboff\u00bb \/][et_pb_text admin_label=\u00bbTexto\u00bb background_layout=\u00bbdark\u00bb _builder_version=\u00bb3.0.47&#8243; background_size=\u00bbinitial\u00bb background_position=\u00bbtop_left\u00bb background_repeat=\u00bbrepeat\u00bb]<\/p>\n<p class=\"\" style=\"text-align: right;\">Castrones en Tielve<\/p>\n<p>[\/et_pb_text][\/et_pb_column][\/et_pb_row][et_pb_row admin_label=\u00bbrow\u00bb _builder_version=\u00bb3.0.49&#8243;][et_pb_column type=\u00bb1_2&#8243;][et_pb_blurb admin_label=\u00bbAnuncio\u00bb title=\u00bbDenominaci\u00f3n de Origen\u00bb url=\u00bbhttp:\/\/www.quesocabrales.org\u00bb url_new_window=\u00bbon\u00bb image=\u00bbhttp:\/\/alospicos.com\/wp-content\/uploads\/2017\/06\/Dos-quesos-Cabrales.jpeg\u00bb animation=\u00bboff\u00bb text_orientation=\u00bbcenter\u00bb _builder_version=\u00bb3.0.51&#8243; header_font=\u00bb|on|||\u00bb header_font_size=\u00bb20&#8243; header_text_color=\u00bb#000000&#8243; body_text_color=\u00bb#000000&#8243; background_color=\u00bb#edf000&#8243; custom_padding=\u00bb15px|15px|15px|15px\u00bb use_icon=\u00bboff\u00bb use_circle=\u00bboff\u00bb use_circle_border=\u00bboff\u00bb icon_placement=\u00bbtop\u00bb use_icon_font_size=\u00bboff\u00bb background_layout=\u00bblight\u00bb border_style=\u00bbsolid\u00bb]<\/p>\n<p><strong>Web oficial de la Denominaci\u00f3n de Origen Protegido<\/strong><\/p>\n<p>Consejo Regulador D.O.P. Cabrales &#8211; Ctra. General, s\/n &#8211; 33555 \u00b7 Carre\u00f1a de Cabrales (Asturias) \u00b7 Tel. 985 845 335<\/p>\n<p>[\/et_pb_blurb][\/et_pb_column][et_pb_column type=\u00bb1_2&#8243;][et_pb_blurb admin_label=\u00bbAnuncio\u00bb title=\u00bbCabrales en %22A pedir de boca%22&#8243; url=\u00bbhttp:\/\/rtve.es\/v\/731086&#8243; url_new_window=\u00bbon\u00bb image=\u00bbhttp:\/\/alospicos.com\/wp-content\/uploads\/2017\/06\/A-pedir-de-boca.png\u00bb animation=\u00bboff\u00bb text_orientation=\u00bbcenter\u00bb _builder_version=\u00bb3.0.51&#8243; header_font=\u00bb|on|||\u00bb header_font_size=\u00bb20&#8243; header_text_color=\u00bb#000000&#8243; body_text_color=\u00bb#000000&#8243; background_color=\u00bb#edf000&#8243; custom_padding=\u00bb15px|15px|15px|15px\u00bb use_icon=\u00bboff\u00bb use_circle=\u00bboff\u00bb use_circle_border=\u00bboff\u00bb icon_placement=\u00bbtop\u00bb use_icon_font_size=\u00bboff\u00bb background_layout=\u00bblight\u00bb border_style=\u00bbsolid\u00bb]<\/p>\n<p><strong>Documento realizado para la serie \u00abA pedir de boca\u00bb, de RTVE<\/strong><\/p>\n<p>Contenido: descripci\u00f3n del entorno geogr\u00e1fico y ganadero que enmarca la producci\u00f3n tradicional del queso de Cabrales.<\/p>\n<p>[\/et_pb_blurb][\/et_pb_column][\/et_pb_row][et_pb_row admin_label=\u00bbFila\u00bb _builder_version=\u00bb3.0.47&#8243; background_size=\u00bbinitial\u00bb background_position=\u00bbtop_left\u00bb background_repeat=\u00bbrepeat\u00bb][et_pb_column type=\u00bb4_4&#8243;][et_pb_button admin_label=\u00bbInicio\u00bb button_text=\u00bbInicio\u00bb button_alignment=\u00bbcenter\u00bb background_layout=\u00bbdark\u00bb _builder_version=\u00bb3.0.51&#8243; custom_button=\u00bbon\u00bb button_text_color=\u00bb#e02b20&#8243; background_color=\u00bb#7EBEC5&#8243; button_url=\u00bbhttp:\/\/alospicos.com\u00bb url_new_window=\u00bboff\u00bb button_letter_spacing=\u00bb0&#8243; button_icon_placement=\u00bbright\u00bb button_letter_spacing_hover=\u00bb0&#8243; \/][\/et_pb_column][\/et_pb_row][\/et_pb_section]<\/p>\n","protected":false},"excerpt":{"rendered":"<p>Queso de los concejos de Cabrales y Pe\u00f1amellera Alta Urriellu y varias cumbres del Macizo Central de Los Picos, al fondo. En primer plano, Pe\u00f1a Ma\u00edn, puertu de Tielve. Gonzalo Barrena Tanta historia natural como tienen las cumbres de la mala tierra, la tienen las simas del subsuelo. Los Picos, plagados de cavidades y galer\u00edas [&hellip;]<\/p>\n","protected":false},"author":1,"featured_media":0,"parent":0,"menu_order":0,"comment_status":"closed","ping_status":"closed","template":"","meta":{"_et_pb_use_builder":"on","_et_pb_old_content":"","_et_gb_content_width":"","footnotes":""},"class_list":["post-625","page","type-page","status-publish","hentry"],"_links":{"self":[{"href":"https:\/\/alospicos.com\/index.php\/wp-json\/wp\/v2\/pages\/625","targetHints":{"allow":["GET"]}}],"collection":[{"href":"https:\/\/alospicos.com\/index.php\/wp-json\/wp\/v2\/pages"}],"about":[{"href":"https:\/\/alospicos.com\/index.php\/wp-json\/wp\/v2\/types\/page"}],"author":[{"embeddable":true,"href":"https:\/\/alospicos.com\/index.php\/wp-json\/wp\/v2\/users\/1"}],"replies":[{"embeddable":true,"href":"https:\/\/alospicos.com\/index.php\/wp-json\/wp\/v2\/comments?post=625"}],"version-history":[{"count":10,"href":"https:\/\/alospicos.com\/index.php\/wp-json\/wp\/v2\/pages\/625\/revisions"}],"predecessor-version":[{"id":955,"href":"https:\/\/alospicos.com\/index.php\/wp-json\/wp\/v2\/pages\/625\/revisions\/955"}],"wp:attachment":[{"href":"https:\/\/alospicos.com\/index.php\/wp-json\/wp\/v2\/media?parent=625"}],"curies":[{"name":"wp","href":"https:\/\/api.w.org\/{rel}","templated":true}]}}