{"id":818,"date":"2017-06-20T14:45:52","date_gmt":"2017-06-20T14:45:52","guid":{"rendered":"http:\/\/alospicos.com\/?page_id=818"},"modified":"2018-03-20T22:42:36","modified_gmt":"2018-03-20T22:42:36","slug":"destinos-principales","status":"publish","type":"page","link":"https:\/\/alospicos.com\/index.php\/destinos-principales\/","title":{"rendered":"Destinos principales"},"content":{"rendered":"<p>[et_pb_section bb_built=\u00bb1&#8243; admin_label=\u00bbsection\u00bb _builder_version=\u00bb3.0.106&#8243; background_image=\u00bbhttps:\/\/alospicos.com\/wp-content\/uploads\/2017\/06\/Fondo-lugares-e1499379636167.jpg\u00bb][et_pb_row admin_label=\u00bbrow\u00bb background_position=\u00bbtop_left\u00bb background_repeat=\u00bbrepeat\u00bb background_size=\u00bbinitial\u00bb _builder_version=\u00bb3.0.51&#8243;][et_pb_column type=\u00bb1_4&#8243;][et_pb_text admin_label=\u00bbCovadonga\u00bb _builder_version=\u00bb3.0.106&#8243; background_layout=\u00bblight\u00bb text_text_color=\u00bb#ffffff\u00bb text_font=\u00bb|on|||\u00bb text_font_size=\u00bb17&#8243;]<\/p>\n<p><a href=\"https:\/\/alospicos.com\/index.php\/covadonga\/\" target=\"_blank\" rel=\"noopener\">COVADONGA<\/a><br \/>\nLugar hist\u00f3rico<\/p>\n<p>[\/et_pb_text][\/et_pb_column][et_pb_column type=\u00bb1_4&#8243;][et_pb_text admin_label=\u00bbLos Lagos\u00bb _builder_version=\u00bb3.0.106&#8243; background_layout=\u00bblight\u00bb text_font=\u00bb|on|||\u00bb text_font_size=\u00bb17&#8243; text_text_color=\u00bb#ffffff\u00bb]<\/p>\n<p><a href=\"https:\/\/alospicos.com\/index.php\/los-lagos\/\" target=\"_blank\" rel=\"no opener noopener\">LOS LAGOS<\/a><br \/>\nPaisaje glaciar<\/p>\n<p>[\/et_pb_text][\/et_pb_column][et_pb_column type=\u00bb1_4&#8243;][\/et_pb_column][et_pb_column type=\u00bb1_4&#8243;][\/et_pb_column][\/et_pb_row][et_pb_row background_position=\u00bbtop_left\u00bb background_repeat=\u00bbrepeat\u00bb background_size=\u00bbinitial\u00bb][et_pb_column type=\u00bb1_4&#8243;][et_pb_text admin_label=\u00bbHoya\u00bb _builder_version=\u00bb3.0.106&#8243; background_layout=\u00bblight\u00bb text_font=\u00bb|on|||\u00bb text_font_size=\u00bb17&#8243; text_text_color=\u00bb#ffffff\u00bb]<\/p>\n<p><a href=\"https:\/\/alospicos.com\/index.php\/project\/hoya-del-dobra\/\" target=\"_blank\" rel=\"noopener\">HOYA DEL DOBRA<\/a><br \/>\nPaseo de ribera<\/p>\n<p>[\/et_pb_text][\/et_pb_column][et_pb_column type=\u00bb1_4&#8243;][et_pb_text admin_label=\u00bbOrandi\u00bb _builder_version=\u00bb3.0.106&#8243; background_layout=\u00bblight\u00bb text_font=\u00bb|on|||\u00bb text_font_size=\u00bb17&#8243; text_text_color=\u00bb#ffffff\u00bb]<\/p>\n<style type=\"text\/css\">\na {color:#013220 }<br \/>a:hover {color: #013220 }<br \/><\/style>\n<p><a href=\"https:\/\/alospicos.com\/index.php\/project\/orandi\/\" target=\"_blank\" rel=\"noopener\">ORANDI<\/a><br \/>\nSendero y vega<\/p>\n<p>[\/et_pb_text][\/et_pb_column][et_pb_column type=\u00bb1_4&#8243;][et_pb_text admin_label=\u00bbSenda Cares\u00bb _builder_version=\u00bb3.0.106&#8243; background_layout=\u00bblight\u00bb text_font=\u00bb|on|||\u00bb text_font_size=\u00bb17&#8243; text_text_color=\u00bb#ffffff\u00bb]<\/p>\n<p><a href=\"https:\/\/alospicos.com\/index.php\/ruta-del-cares\/\" target=\"_blank\" rel=\"noopener\">RUTA DEL CARES<\/a><br \/>\nSendero<\/p>\n<p>[\/et_pb_text][\/et_pb_column][et_pb_column type=\u00bb1_4&#8243;][\/et_pb_column][\/et_pb_row][et_pb_row background_position=\u00bbtop_left\u00bb background_repeat=\u00bbrepeat\u00bb background_size=\u00bbinitial\u00bb][et_pb_column type=\u00bb1_4&#8243;][\/et_pb_column][et_pb_column type=\u00bb1_4&#8243;][et_pb_text admin_label=\u00bbAng\u00f3n\u00bb _builder_version=\u00bb3.0.106&#8243; background_layout=\u00bblight\u00bb text_font=\u00bb|on|||\u00bb text_font_size=\u00bb17&#8243; text_text_color=\u00bb#ffffff\u00bb]<\/p>\n<style type=\"text\/css\">\na {color:#013220 }<br \/>a:hover {color: #013220 }<br \/><\/style>\n<p><a href=\"https:\/\/alospicos.com\/index.php\/project\/angon-valle-alto\/\" target=\"_blank\" rel=\"noopener\">VALLE DE ANG\u00d3N<\/a><br \/>\nPaisaje alpino<\/p>\n<p>[\/et_pb_text][\/et_pb_column][et_pb_column type=\u00bb1_4&#8243;][et_pb_text admin_label=\u00bbBulnes\u00bb _builder_version=\u00bb3.0.106&#8243; background_layout=\u00bblight\u00bb text_font=\u00bb|on|||\u00bb text_font_size=\u00bb17&#8243; text_text_color=\u00bb#ffffff\u00bb]<\/p>\n<style type=\"text\/css\">\na {color:#013220 }<br \/>a:hover {color: #013220 }<br \/><\/style>\n<p><a href=\"https:\/\/alospicos.com\/index.php\/a-bulnes-en-funicular\/\" target=\"_blank\" rel=\"noopener\">BULNES<\/a><br \/>\nPueblo<\/p>\n<p>[\/et_pb_text][\/et_pb_column][et_pb_column type=\u00bb1_4&#8243;][et_pb_text admin_label=\u00bbEl Redondal\u00bb _builder_version=\u00bb3.0.106&#8243; background_layout=\u00bblight\u00bb text_font=\u00bb|on|||\u00bb text_font_size=\u00bb17&#8243; text_text_color=\u00bb#ffffff\u00bb]<\/p>\n<style type=\"text\/css\">\na {color:#013220 }<br \/>a:hover {color: #013220 }<br \/><\/style>\n<p><a href=\"https:\/\/alospicos.com\/index.php\/project\/el-redondal\/\" target=\"_blank\" rel=\"noopener\">EL REDONDAL<\/a><br \/>\nMajada rupestre<\/p>\n<p>[\/et_pb_text][\/et_pb_column][\/et_pb_row][et_pb_row background_position=\u00bbtop_left\u00bb background_repeat=\u00bbrepeat\u00bb background_size=\u00bbinitial\u00bb][et_pb_column type=\u00bb1_4&#8243;][et_pb_text admin_label=\u00bbPelo\u00f1o\u00bb _builder_version=\u00bb3.0.106&#8243; background_layout=\u00bblight\u00bb text_font_size=\u00bb17&#8243; text_font=\u00bb|on|||\u00bb text_text_color=\u00bb#ffffff\u00bb]<\/p>\n<style type=\"text\/css\">\na {color:#013220 }<br \/>a:hover {color: #013220 }<br \/><\/style>\n<p><a href=\"https:\/\/alospicos.com\/index.php\/project\/pelono\/\" target=\"_blank\" rel=\"noopener\">PELO\u00d1O<\/a><br \/>\nHayedo en Ponga<\/p>\n<p>[\/et_pb_text][\/et_pb_column][et_pb_column type=\u00bb1_4&#8243;][\/et_pb_column][et_pb_column type=\u00bb1_4&#8243;][et_pb_text admin_label=\u00bbUrriellu\u00bb _builder_version=\u00bb3.0.106&#8243; background_layout=\u00bblight\u00bb text_font=\u00bb|on|||\u00bb text_font_size=\u00bb17&#8243; text_text_color=\u00bb#ffffff\u00bb]<\/p>\n<style type=\"text\/css\">\na {color:#013220 }<br \/>a:hover {color: #013220 }<br \/><\/style>\n<p><a href=\"https:\/\/alospicos.com\/index.php\/project\/urriellu\/\" target=\"_blank\" rel=\"noopener\">URRIELLU<\/a><br \/>\nRuta de monta\u00f1a<\/p>\n<p>[\/et_pb_text][\/et_pb_column][et_pb_column type=\u00bb1_4&#8243;][\/et_pb_column][\/et_pb_row][et_pb_row background_position=\u00bbtop_left\u00bb background_repeat=\u00bbrepeat\u00bb background_size=\u00bbinitial\u00bb][et_pb_column type=\u00bb1_4&#8243;][et_pb_text admin_label=\u00bbVentaniella\u00bb _builder_version=\u00bb3.0.106&#8243; background_layout=\u00bblight\u00bb text_font_size=\u00bb17&#8243; text_font=\u00bb|on|||\u00bb text_text_color=\u00bb#ffffff\u00bb]<\/p>\n<style type=\"text\/css\">\na {color:#013220 }<br \/>a:hover {color: #013220 }<br \/><\/style>\n<p><a href=\"https:\/\/ventaniella.com\" target=\"_blank\" rel=\"noopener\">VENTANIELLA<\/a><br \/>\nCaser\u00eda de Sobrefoz, Ponga<\/p>\n<p>[\/et_pb_text][\/et_pb_column][et_pb_column type=\u00bb1_4&#8243;][\/et_pb_column][et_pb_column type=\u00bb1_4&#8243;][\/et_pb_column][et_pb_column type=\u00bb1_4&#8243;][\/et_pb_column][\/et_pb_row][et_pb_row][et_pb_column type=\u00bb1_4&#8243;][et_pb_text admin_label=\u00bbLos Beyos\u00bb _builder_version=\u00bb3.0.106&#8243; background_layout=\u00bblight\u00bb text_text_color=\u00bb#ffffff\u00bb text_font=\u00bb|on|||\u00bb text_font_size=\u00bb17&#8243;]<\/p>\n<p><a href=\"https:\/\/alospicos.com\/index.php\/project\/los-beyos-del-sella\/\" target=\"_blank\" rel=\"no opener noopener\">LOS BEYOS<\/a><br \/>\nGeograf\u00eda y Patrimonio<\/p>\n<p>[\/et_pb_text][\/et_pb_column][et_pb_column type=\u00bb1_4&#8243;][\/et_pb_column][et_pb_column type=\u00bb1_4&#8243;][\/et_pb_column][et_pb_column type=\u00bb1_4&#8243;][\/et_pb_column][\/et_pb_row][\/et_pb_section]<\/p>\n","protected":false},"excerpt":{"rendered":"<p>COVADONGA Lugar hist\u00f3rico LOS LAGOS Paisaje glaciar HOYA DEL DOBRA Paseo de ribera ORANDI Sendero y vega RUTA DEL CARES Sendero VALLE DE ANG\u00d3N Paisaje alpino BULNES Pueblo EL REDONDAL Majada rupestre PELO\u00d1O Hayedo en Ponga URRIELLU Ruta de monta\u00f1a VENTANIELLA Caser\u00eda de Sobrefoz, Ponga <div class=\"et_pb_row et_pb_row_0 et_pb_row_empty\">\n\t\t\t\t\n\t\t\t\t\n\t\t\t\t\n\t\t\t\t\n\t\t\t\t\n\t\t\t<\/div> LOS BEYOS Geograf\u00eda y Patrimonio<\/p>\n","protected":false},"author":1,"featured_media":0,"parent":0,"menu_order":0,"comment_status":"closed","ping_status":"closed","template":"","meta":{"_et_pb_use_builder":"on","_et_pb_old_content":"","_et_gb_content_width":"","footnotes":""},"class_list":["post-818","page","type-page","status-publish","hentry"],"_links":{"self":[{"href":"https:\/\/alospicos.com\/index.php\/wp-json\/wp\/v2\/pages\/818","targetHints":{"allow":["GET"]}}],"collection":[{"href":"https:\/\/alospicos.com\/index.php\/wp-json\/wp\/v2\/pages"}],"about":[{"href":"https:\/\/alospicos.com\/index.php\/wp-json\/wp\/v2\/types\/page"}],"author":[{"embeddable":true,"href":"https:\/\/alospicos.com\/index.php\/wp-json\/wp\/v2\/users\/1"}],"replies":[{"embeddable":true,"href":"https:\/\/alospicos.com\/index.php\/wp-json\/wp\/v2\/comments?post=818"}],"version-history":[{"count":43,"href":"https:\/\/alospicos.com\/index.php\/wp-json\/wp\/v2\/pages\/818\/revisions"}],"predecessor-version":[{"id":1640,"href":"https:\/\/alospicos.com\/index.php\/wp-json\/wp\/v2\/pages\/818\/revisions\/1640"}],"wp:attachment":[{"href":"https:\/\/alospicos.com\/index.php\/wp-json\/wp\/v2\/media?parent=818"}],"curies":[{"name":"wp","href":"https:\/\/api.w.org\/{rel}","templated":true}]}}