{"id":924,"date":"2017-06-24T11:07:54","date_gmt":"2017-06-24T11:07:54","guid":{"rendered":"http:\/\/alospicos.com\/?page_id=924"},"modified":"2018-03-20T23:09:51","modified_gmt":"2018-03-20T23:09:51","slug":"museos","status":"publish","type":"page","link":"https:\/\/alospicos.com\/index.php\/museos\/","title":{"rendered":"Museos"},"content":{"rendered":"<p>[et_pb_section bb_built=\u00bb1&#8243; background_color=\u00bb#8a4b08&#8243; fullwidth=\u00bbon\u00bb _builder_version=\u00bb3.0.72&#8243; next_background_color=\u00bb#ffffff\u00bb][et_pb_fullwidth_header title=\u00bbMuseos y Patrimonio\u00bb subhead=\u00bbAulas, exposiciones, museos y centros culturales, lugares de inter\u00e9s patrimonial\u00bb background_layout=\u00bbdark\u00bb _builder_version=\u00bb3.0.51&#8243; background_size=\u00bbinitial\u00bb background_position=\u00bbtop_left\u00bb background_repeat=\u00bbrepeat\u00bb \/][\/et_pb_section][et_pb_section bb_built=\u00bb1&#8243; admin_label=\u00bbsection\u00bb _builder_version=\u00bb3.0.47&#8243; prev_background_color=\u00bb#8a4b08&#8243; next_background_color=\u00bb#000000&#8243;][et_pb_row admin_label=\u00bbrow\u00bb _builder_version=\u00bb3.0.47&#8243; background_size=\u00bbinitial\u00bb background_position=\u00bbtop_left\u00bb background_repeat=\u00bbrepeat\u00bb][et_pb_column type=\u00bb1_2&#8243;][et_pb_blurb title=\u00bbMuseos y C. de Interpretaci\u00f3n\u00bb use_icon=\u00bbon\u00bb _builder_version=\u00bb3.0.72&#8243; background_color=\u00bb#8a4b08&#8243; animation=\u00bboff\u00bb background_layout=\u00bbdark\u00bb text_orientation=\u00bbcenter\u00bb custom_padding=\u00bb20px|||\u00bb \/][et_pb_text _builder_version=\u00bb3.0.85&#8243; background_size=\u00bbinitial\u00bb background_position=\u00bbtop_left\u00bb background_repeat=\u00bbrepeat\u00bb background_layout=\u00bblight\u00bb]<\/p>\n<ol>\n<li><a href=\"http:\/\/www.archivodeindianos.es\" target=\"_blank\" rel=\"noopener\">Archivo de Indianos<\/a>, en Colombres (Ribadedeva)<\/li>\n<li><a href=\"http:\/\/alospicos.com\/index.php\/project\/ci-del-parque-natural-de-ponga\/\" target=\"_blank\" rel=\"noopener\">Parque Natural de Ponga<\/a>, Centro de Interpretaci\u00f3n (Ponga)<\/li>\n<li><a href=\"http:\/\/www.centrotitobustillo.com\" target=\"_blank\" rel=\"noopener\">Tito Bustillo<\/a>, Centro de Arte Rupestre en Ribadesella (Ribadesella)<\/li>\n<li><a href=\"https:\/\/porrua.net\" target=\"_blank\" rel=\"noopener\">Museo etnogr\u00e1fico de Porr\u00faa<\/a> (Llanes)<\/li>\n<li><a href=\"http:\/\/www.santuariodecovadonga.com\/pagina.php?id=48\" target=\"_blank\" rel=\"noopener\">Museo de Covadonga<\/a> (Cangas de On\u00eds)<\/li>\n<li>Casa Riera, exposici\u00f3n, en Cangas (Cangas de On\u00eds)<\/li>\n<li><a href=\"http:\/\/www.museojurasicoasturias.com\" target=\"_blank\" rel=\"noopener\">Museo del Jur\u00e1sico<\/a>, en Colunga<\/li>\n<li><a href=\"http:\/\/www.fundacioncabrales.com\/cueva-exposicion-visita\" target=\"_blank\" rel=\"noopener\">Cueva del queso<\/a> en Arenas (Cabrales, Asturias)<\/li>\n<li><a href=\"http:\/\/www.auladelamiel.com\/web6\/\" target=\"_blank\" rel=\"noopener\">Aula de la miel<\/a> en Alles (Pe\u00f1amellera Alta)<\/li>\n<li><a href=\"http:\/\/www.riadevillaviciosa.org\" target=\"_blank\" rel=\"noopener\">R\u00eda de Villaviciosa<\/a>, Centro de Interpretaci\u00f3n<\/li>\n<li><a href=\"http:\/\/www.rutalquesuylasidra.com\" target=\"_blank\" rel=\"noopener\">Ruta del quesu y la sidra<\/a> en Asiegu, Cabrales<\/li>\n<\/ol>\n<p>[\/et_pb_text][\/et_pb_column][et_pb_column type=\u00bb1_2&#8243;][et_pb_blurb title=\u00bbPatrimonio\u00bb _builder_version=\u00bb3.0.72&#8243; background_color=\u00bb#8a4b08&#8243; animation=\u00bboff\u00bb background_layout=\u00bbdark\u00bb text_orientation=\u00bbcenter\u00bb custom_padding=\u00bb20px|||\u00bb \/][et_pb_text _builder_version=\u00bb3.0.106&#8243; background_layout=\u00bblight\u00bb]<\/p>\n<ol>\n<li><a href=\"https:\/\/alospicos.com\/index.php\/project\/puente-romano\/\" target=\"_blank\" rel=\"noopener noreferrer\">El Puente Romano<\/a>, de Cangas de On\u00eds<\/li>\n<li><a href=\"https:\/\/alospicos.com\/index.php\/project\/cueva-de-covadonga\/\" target=\"_blank\" rel=\"noopener noreferrer\">Covadonga<\/a> (Cangas de On\u00eds)<\/li>\n<li><a href=\"http:\/\/www.jdiezarnal.com\/santamariadelebena.html\" target=\"_blank\" rel=\"noopener noreferrer\">Santa M\u00aa de Lebe\u00f1a<\/a>, iglesia prerrom\u00e1nica y lugar<\/li>\n<li><a href=\"http:\/\/www.santotoribiodeliebana.es\" target=\"_blank\" rel=\"noopener noreferrer\">Monasterio de Santo Toribio de Li\u00e9bana<\/a>, en Potes (Cantabria)<\/li>\n<li><a href=\"http:\/\/www.parador.es\/sites\/default\/files\/parador\/adjuntos\/2015\/12\/cangas_de_onis.pdf\" target=\"_blank\" rel=\"noopener\">Monasterio de Villanueva<\/a>, en Cangas de On\u00eds<\/li>\n<li><a href=\"http:\/\/www.archivodeindianos.es\/index.php\/el-museo-y-la-visita\/historia\" target=\"_blank\" rel=\"noopener noreferrer\">La Quinta Guadalupe<\/a>, o Archivo de Indianos, en Colombres (Ribadedeva)<\/li>\n<li><a href=\"https:\/\/alospicos.com\/index.php\/project\/pelono\/\" target=\"_blank\" rel=\"noopener\">Bosque de Pelo\u00f1o<\/a> y <em>Robl\u00f3n de Los Bustiellos\u00a0<\/em>(Ponga)<\/li>\n<li><a href=\"http:\/\/ventaniella.com\" target=\"_blank\" rel=\"noopener noreferrer\">La Caser\u00eda de Ventaniella<\/a>, en Sobrefoz (Ponga)<\/li>\n<li><a href=\"http:\/\/www.centrotitobustillo.com\/es\/2\/la-cueva\/20\/el-descubrimiento.html\" target=\"_blank\" rel=\"noopener noreferrer\">La Cueva de Tito Bustillo<\/a>, en Ribadesella<\/li>\n<\/ol>\n<p>[\/et_pb_text][\/et_pb_column][\/et_pb_row][\/et_pb_section][et_pb_section bb_built=\u00bb1&#8243; _builder_version=\u00bb3.0.47&#8243; prev_background_color=\u00bb#000000&#8243;][et_pb_row _builder_version=\u00bb3.0.47&#8243; background_size=\u00bbinitial\u00bb background_position=\u00bbtop_left\u00bb background_repeat=\u00bbrepeat\u00bb][et_pb_column type=\u00bb4_4&#8243;][et_pb_filterable_portfolio fullwidth=\u00bboff\u00bb posts_number=\u00bb10&#8243; include_categories=\u00bb9,11&#8243; _builder_version=\u00bb3.0.72&#8243; \/][\/et_pb_column][\/et_pb_row][\/et_pb_section]<\/p>\n","protected":false},"excerpt":{"rendered":"<p>Archivo de Indianos, en Colombres (Ribadedeva) Parque Natural de Ponga, Centro de Interpretaci\u00f3n (Ponga) Tito Bustillo, Centro de Arte Rupestre en Ribadesella (Ribadesella) Museo etnogr\u00e1fico de Porr\u00faa (Llanes) Museo de Covadonga (Cangas de On\u00eds) Casa Riera, exposici\u00f3n, en Cangas (Cangas de On\u00eds) Museo del Jur\u00e1sico, en Colunga Cueva del queso en Arenas (Cabrales, Asturias) Aula [&hellip;]<\/p>\n","protected":false},"author":1,"featured_media":0,"parent":0,"menu_order":0,"comment_status":"closed","ping_status":"closed","template":"","meta":{"_et_pb_use_builder":"on","_et_pb_old_content":"","_et_gb_content_width":"","footnotes":""},"class_list":["post-924","page","type-page","status-publish","hentry"],"_links":{"self":[{"href":"https:\/\/alospicos.com\/index.php\/wp-json\/wp\/v2\/pages\/924","targetHints":{"allow":["GET"]}}],"collection":[{"href":"https:\/\/alospicos.com\/index.php\/wp-json\/wp\/v2\/pages"}],"about":[{"href":"https:\/\/alospicos.com\/index.php\/wp-json\/wp\/v2\/types\/page"}],"author":[{"embeddable":true,"href":"https:\/\/alospicos.com\/index.php\/wp-json\/wp\/v2\/users\/1"}],"replies":[{"embeddable":true,"href":"https:\/\/alospicos.com\/index.php\/wp-json\/wp\/v2\/comments?post=924"}],"version-history":[{"count":16,"href":"https:\/\/alospicos.com\/index.php\/wp-json\/wp\/v2\/pages\/924\/revisions"}],"predecessor-version":[{"id":1650,"href":"https:\/\/alospicos.com\/index.php\/wp-json\/wp\/v2\/pages\/924\/revisions\/1650"}],"wp:attachment":[{"href":"https:\/\/alospicos.com\/index.php\/wp-json\/wp\/v2\/media?parent=924"}],"curies":[{"name":"wp","href":"https:\/\/api.w.org\/{rel}","templated":true}]}}